{"id":314,"date":"2020-11-15T08:57:07","date_gmt":"2020-11-15T08:57:07","guid":{"rendered":"https:\/\/washclean.vn-v2\/demo2\/?page_id=314"},"modified":"2021-04-10T07:47:37","modified_gmt":"2021-04-10T07:47:37","slug":"about-us","status":"publish","type":"page","link":"https:\/\/washclean.vn\/vi\/about-us\/","title":{"rendered":"Gi\u1edbi thi\u1ec7u"},"content":{"rendered":"<div data-elementor-type=\"wp-page\" data-elementor-id=\"314\" class=\"elementor elementor-314\">\n\t\t\t\t\t\t<section class=\"elementor-section elementor-top-section elementor-element elementor-element-b6ba602 elementor-section-full_width elementor-section-height-default elementor-section-height-default\" data-id=\"b6ba602\" data-element_type=\"section\">\n\t\t\t\t\t\t<div class=\"elementor-container elementor-column-gap-no\">\n\t\t\t\t\t<div class=\"elementor-column elementor-col-100 elementor-top-column elementor-element elementor-element-a5d03e8\" data-id=\"a5d03e8\" data-element_type=\"column\">\n\t\t\t<div class=\"elementor-widget-wrap elementor-element-populated\">\n\t\t\t\t\t\t<div class=\"elementor-element elementor-element-e18b2fe elementor-widget elementor-widget-laundry_about\" data-id=\"e18b2fe\" data-element_type=\"widget\" data-widget_type=\"laundry_about.default\">\n\t\t\t\t<div class=\"elementor-widget-container\">\n\t\t\t\t\t\t\t<div class=\"section-indent\">\n\t\t\t\t\t<div class=\"container container-fluid-lg\">\n\t\t\t\t\t\t<div class=\"layout01\">\n\t\t\t\t\t\t\t<div class=\"layout01__img\">\n\t\t\t\t\t\t\t\t<img decoding=\"async\" width=\"138\" height=\"65\" src=\"https:\/\/washclean.vn\/wp-content\/uploads\/2020\/11\/arrow-img-right.png\" class=\"tt-arrow\" alt=\"\" \/>\t\t\t\t\t\t\t\t<div class=\"tt-img-main\">\n\t\t\t\t\t\t\t\t\t<img fetchpriority=\"high\" decoding=\"async\" width=\"594\" height=\"493\" src=\"https:\/\/washclean.vn\/wp-content\/uploads\/2020\/11\/layout01-img01.jpg\" class=\"attachment-full size-full\" alt=\"\" \/>\t\t\t\t\t\t\t\t<\/div>\n\t\t\t\t\t\t\t\t<div class=\"tt-img-more left-bottom\">\n\t\t\t\t\t\t\t\t\t<img decoding=\"async\" width=\"436\" height=\"290\" src=\"https:\/\/washclean.vn\/wp-content\/uploads\/2020\/11\/layout01-img02.jpg\" class=\"attachment-full size-full\" alt=\"\" \/>\t\t\t\t\t\t\t\t<\/div>\n\t\t\t\t\t\t\t<\/div>\n\t\t\t\t\t\t\t<div class=\"layout01__content\">\n\t\t\t\t\t\t\t\t<div class=\"layout01__content-wrapper\">\n\t\t\t\t\t\t\t\t\t<div class=\"title-block\">\n\t\t\t\t\t\t\t\t\t\t<div class=\"title-block__label\">\n\t\t\t\t\t\t\t\t\t\t\tMore than 5 Years of Experience\t\t\t\t\t\t\t\t\t\t<\/div>\n\t\t\t\t\t\t\t\t\t\t<h4 class=\"title-block__title\">Your Laundry. Done.<\/h4>\n\t\t\t\t\t\t\t\t\t<\/div>\n\t\t\t\t\t\t\t\t\t<p> D\u1ecbch v\u1ee5 c\u1ee7a ch\u00fang t\u00f4i chuy\u00ean nghi\u1ec7p v\u00e0 \u0111\u01b0\u1ee3c kh\u00e1ch h\u00e0ng tin t\u01b0\u1edfng s\u1eed d\u1ee5ng h\u01a1n 5 n\u0103m qua. Ch\u00fang t\u00f4i lu\u00f4n c\u1eadp nh\u1eadp c\u00f4ng ngh\u1ec7, ph\u01b0\u01a1ng ph\u00e1p l\u00e0m s\u1ea1ch c\u00f9ng v\u1edbi h\u00f3a ch\u1ea5t th\u00e2n thi\u1ec7n v\u1edbi m\u00f4i tr\u01b0\u1eddng m\u1edbi nh\u1ea5t \u0111\u1ec3 x\u1eed l\u00fd c\u00e1c v\u1ebft b\u1ea9n v\u00e0 ch\u0103m s\u00f3c \u0111\u1ed3 m\u1ed9t c\u00e1ch an to\u00e0n, \u0111i\u1ec1u n\u00e0y \u0111\u00e3 gi\u00fap ch\u00fang t\u00f4i x\u00e2y d\u1ef1ng \u0111\u01b0\u1ee3c quy tr\u00ecnh chu\u1ea9n m\u1ef1c g\u00f3p ph\u1ea7n cung c\u1ea5p t\u1edbi qu\u00fd kh\u00e1ch h\u00e0ng ch\u1ea5t l\u01b0\u1ee3ng d\u1ecbch v\u1ee5 \u1ed5n \u0111\u1ecbnh v\u00e0 nhanh ch\u00f3ng nh\u1ea5t!<\/p>\n\t\t\t\t\t\t\t\t\n\t\t\t\t\t\t\t\t\t<ul class=\"tt-list01 tt-list01__top\">\n\t\t\t\t\t\t\t\t\t\t<li>100% kh\u00e1ch h\u00e0ng h\u00e0i l\u00f2ng<\/li>\n<li>Giao nh\u1eadn nhanh ch\u00f3ng trong 3 ti\u1ebfng<\/li>\n<li>M\u1ee9c gi\u00e1 t\u1ed1t nh\u1ea5t<\/li>\n<li>D\u1ecbch v\u1ee5 ch\u1ea5t l\u01b0\u1ee3ng<\/li>\t\t\t\t\t\t\t\t\t<\/ul>\n\t\t\t\t\t\t\t\t\t\n\t\t\t\t\t\t\t\t<\/div>\n\t\t\t\t\t\t\t<\/div>\n\t\t\t\t\t\t<\/div>\n\t\t\t\t\t\t<div class=\"box-value__wrapper row\" id=\"counter-js\">\n\t\t\t\t\t\t\t\t\t\t\t\t\t\t<div class=\"col-sm-6 col-xl-3\">\n\t\t\t\t\t\t\t\t<div class=\"box-value\">\n\t\t\t\t\t\t\t\t\t<div class=\"box-value__icon  icons-1545560\"><\/div>\n\t\t\t\t\t\t\t\t\t<div class=\"box-value__content\">\n\t\t\t\t\t\t\t\t\t\t<div class=\"box-value__value\">\n\t\t\t\t\t\t\t\t\t\t\t<span class=\"tt-counter\" data-from=\"0\" data-to=\"100\">0<\/span>100\t\t\t\t\t\t\t\t\t\t<\/div>\n\t\t\t\t\t\t\t\t\t\t<div class=\"box-value__label\">Happy Customers <\/div>\n\t\t\t\t\t\t\t\t\t<\/div>\n\t\t\t\t\t\t\t\t<\/div>\n\t\t\t\t\t\t\t<\/div>\n\t\t\t\t\t\t\t \t\t\t\t\t\t\n\t\t\t\t\t\t<\/div>\n\t\t\t\t\t<\/div>\n\t\t\t\t<\/div>\n\t\t\t\t\t<\/div>\n\t\t\t\t<\/div>\n\t\t\t\t\t<\/div>\n\t\t<\/div>\n\t\t\t\t\t<\/div>\n\t\t<\/section>\n\t\t\t\t<section class=\"elementor-section elementor-top-section elementor-element elementor-element-ed48dbb elementor-section-full_width elementor-section-height-default elementor-section-height-default\" data-id=\"ed48dbb\" data-element_type=\"section\">\n\t\t\t\t\t\t<div class=\"elementor-container elementor-column-gap-no\">\n\t\t\t\t\t<div class=\"elementor-column elementor-col-100 elementor-top-column elementor-element elementor-element-e97df73\" data-id=\"e97df73\" data-element_type=\"column\">\n\t\t\t<div class=\"elementor-widget-wrap elementor-element-populated\">\n\t\t\t\t\t\t<div class=\"elementor-element elementor-element-5659d6a elementor-widget elementor-widget-laundry_service_box_two\" data-id=\"5659d6a\" data-element_type=\"widget\" data-widget_type=\"laundry_service_box_two.default\">\n\t\t\t\t<div class=\"elementor-widget-container\">\n\t\t\t\t\t\t<div class=\"section-indent\">\n\t\t\t\t<div class=\"container-fluid no-gutters\">\n\t\t\t\t\t<div class=\"box02 box02__img-right\">\n\t\t\t\t\t\t<div class=\"box02__img\">\n\t\t\t\t\t\t<img loading=\"lazy\" decoding=\"async\" width=\"944\" height=\"644\" src=\"https:\/\/washclean.vn\/wp-content\/uploads\/2020\/11\/box02-img04.jpg\" class=\"attachment-full size-full\" alt=\"\" \/>\t\t\t\t\t\t<img loading=\"lazy\" decoding=\"async\" width=\"151\" height=\"42\" src=\"https:\/\/washclean.vn\/wp-content\/uploads\/2020\/11\/arrow-img-left02.png\" class=\"tt-arrow\" alt=\"\" \/>\t\t\t\t\t\t<\/div>\n\t\t\t\t\t\t<div class=\"box02__content box02__content-variant02 no-indent\">\n\t\t\t\t\t\t\t<div class=\"title-block\">\n\t\t\t\t\t\t\t\t<div class=\"title-block__label\">\n\t\t\t\t\t\t\t\tOur Guarantee\t\t\t\t\t\t\t\t<\/div>\n\t\t\t\t\t\t\t\t<h4 class=\"title-block__title\">\n\t\t\t\t\t\t\tCam k\u1ebft h\u00e0i l\u00f2ng <br>s\u1eed d\u1ee5ng d\u1ecbch v\u1ee5\t\t\t\t\t\t\t\t<\/h4>\n\t\t\t\t\t\t\t<\/div>\n\t\t\t\t\t\t\t<p>Th\u01b0\u01a1ng hi\u1ec7u \u0111\u01b0\u1ee3c \u01b0a th\u00edch t\u1eeb n\u0103m 2016. Ch\u00fang t\u00f4i s\u1ebd ph\u1ee5c v\u1ee5 B\u1ea1n m\u1ed9t c\u00e1ch t\u1ed1t nh\u1ea5t v\u1edbi \u0111\u1ed9i ng\u0169 nh\u00e2n vi\u00ean chuy\u00ean nghi\u1ec7p ph\u1ee5c v\u1ee5 t\u1eeb tr\u00e1i tim.<\/p>\t\t\t\t\t\t\t\t\t\t\t\t\t\t\t<a href=\"#\" class=\"tt-btn tt-btn__top\" data-toggle=\"modal\" data-target=\"#modalMRequestQuote\">\n\t\t\t\t\t\t\t\t\t\t\t\t\t\t\t<span class=\"mask\">\u0110\u1eb7t ngay<\/span>\n\t\t\t\t\t\t\t\t<div class=\"button\">\u0110\u1eb7t ngay<\/div>\n\t\t\t\t\t\t\t<\/a>\n\t\t\t\t\t\t<\/div>\n\t\t\t\t\t<\/div>\n\t\t\t\t<\/div>\n\t\t\t<\/div>\n\t\t\t\t\t\t\t\t<\/div>\n\t\t\t\t<\/div>\n\t\t\t\t\t<\/div>\n\t\t<\/div>\n\t\t\t\t\t<\/div>\n\t\t<\/section>\n\t\t\t\t<section class=\"elementor-section elementor-top-section elementor-element elementor-element-c4f87ed elementor-section-full_width elementor-section-height-default elementor-section-height-default\" data-id=\"c4f87ed\" data-element_type=\"section\">\n\t\t\t\t\t\t<div class=\"elementor-container elementor-column-gap-no\">\n\t\t\t\t\t<div class=\"elementor-column elementor-col-100 elementor-top-column elementor-element elementor-element-d36831c\" data-id=\"d36831c\" data-element_type=\"column\">\n\t\t\t<div class=\"elementor-widget-wrap elementor-element-populated\">\n\t\t\t\t\t\t<div class=\"elementor-element elementor-element-55f9448 elementor-widget elementor-widget-laundry_service_box_two\" data-id=\"55f9448\" data-element_type=\"widget\" data-widget_type=\"laundry_service_box_two.default\">\n\t\t\t\t<div class=\"elementor-widget-container\">\n\t\t\t \n\t\t\t<div class=\"section-indent\">\n\t\t\t\t<div class=\"box02 box02__img-left\">\n\t\t\t\t\t<div class=\"box02__img\">\n\t\t\t\t\t\t\t\t\t\t\t\t<img decoding=\"async\" src=\"data:image\/gif;base64,R0lGODlhAQABAAAAACH5BAEKAAEALAAAAAABAAEAAAICTAEAOw==\" class=\"lazyload\" data-src=\"https:\/\/washclean.vn\/wp-content\/uploads\/2020\/11\/box02-img03.jpg\" alt=\"\">\n\t\t\t\t\t\t\t\t\t\t\t\t<img loading=\"lazy\" decoding=\"async\" width=\"141\" height=\"58\" src=\"https:\/\/washclean.vn\/wp-content\/uploads\/2020\/11\/arrow-img-right03.png\" class=\"tt-arrow\" alt=\"\" \/>\t\t\t\t\t<\/div>\n\t\t\t\t\t<div class=\"box02__content\">\n\t\t\t\t\t\t<div class=\"title-block\">\n\t\t\t\t\t\t\t<div class=\"title-block__label\">\n\t\t\t\t\t\t\t\tOur History\t\t\t\t\t\t\t<\/div>\n\t\t\t\t\t\t\t<h4 class=\"title-block__title\">Wash & Clean - Laundry Service<\/h4>\n\t\t\t\t\t\t<\/div>\n\t\t\t\t\t\t\t<p>\u0110\u01b0\u1ee3c th\u00e0nh l\u1eadp v\u00e0o n\u0103m 2016, ch\u00fang t\u00f4i th\u1ef1c hi\u1ec7n theo m\u1ed9t \u01b0\u1edbc m\u01a1 v\u00e0 m\u1ee5c ti\u00eau c\u1ee7a ch\u00fang t\u00f4i l\u00e0 ph\u1ee5c v\u1ee5 kh\u00e1ch h\u00e0ng theo c\u00e1ch v\u01b0\u1ee3t xa s\u1ef1 mong \u0111\u1ee3i. L\u00e0 m\u1ed9t trong nh\u1eefng nh\u00e0 cung c\u1ea5p d\u1ecbch v\u1ee5 gi\u1eb7t l\u00e0 h\u00e0ng \u0111\u1ea7u, ch\u00fang t\u00f4i hi\u1ec3u r\u00f5 suy ngh\u0129 c\u1ee7a kh\u00e1ch h\u00e0ng. Th\u1eadt kh\u00f4ng d\u1ec5 d\u00e0ng \u0111\u1ec3 tr\u1edf v\u1ec1 nh\u00e0 sau m\u1ed9t ng\u00e0y b\u1eadn r\u1ed9n t\u1ea1i v\u0103n ph\u00f2ng v\u00e0 v\u1ed9i v\u00e3 \u0111\u1ebfn d\u1ecbch v\u1ee5 gi\u1eb7t l\u00e0 g\u1ea7n nh\u1ea5t v\u1edbi qu\u1ea7n \u00e1o c\u1ee7a b\u1ea1n. V\u00ec v\u1eady, ch\u00fang t\u00f4i c\u00f3 nhi\u1ec1u d\u1ecbch v\u1ee5 gi\u1eb7t \u1ee7i \u0111\u1ec3 gi\u00fap m\u1ecdi th\u1ee9 tr\u1edf n\u00ean d\u1ec5 d\u00e0ng cho b\u1ea1n.<\/p><p>B\u1ea1n kh\u00f4ng c\u1ea7n ph\u1ea3i ch\u1ea5p nh\u1eadn vi\u1ec7c giao h\u00e0ng tr\u1ec5, ti\u00eau chu\u1ea9n c\u00f4ng vi\u1ec7c th\u1ea5p k\u1ebft h\u1ee3p v\u1edbi gi\u00e1 cao. C\u00e1c d\u1ecbch v\u1ee5 c\u1ee7a ch\u00fang t\u00f4i ph\u1ee5c v\u1ee5 cho t\u1ea5t c\u1ea3 c\u00e1c ho\u1ea1t \u0111\u1ed9ng gi\u1eb7t l\u00e0 v\u00e0 \u1ee7i, gi\u1eb7t h\u1ea5p, s\u1eeda gi\u00e0y, gi\u1eb7t gh\u1ebf...<\/p>\t\t\t\t\t\t<div class=\"box02-list-col\"><\/div>\n\t\t\t\t\t<\/div>\n\t\t\t\t<\/div>\n\t\t\t<\/div> \n\t\t\t\t\t\t\t\t<\/div>\n\t\t\t\t<\/div>\n\t\t\t\t\t<\/div>\n\t\t<\/div>\n\t\t\t\t\t<\/div>\n\t\t<\/section>\n\t\t\t\t<section class=\"elementor-section elementor-top-section elementor-element elementor-element-090c9a8 elementor-section-full_width elementor-section-height-default elementor-section-height-default\" data-id=\"090c9a8\" data-element_type=\"section\">\n\t\t\t\t\t\t<div class=\"elementor-container elementor-column-gap-no\">\n\t\t\t\t\t<div class=\"elementor-column elementor-col-100 elementor-top-column elementor-element elementor-element-67ca3ac\" data-id=\"67ca3ac\" data-element_type=\"column\">\n\t\t\t<div class=\"elementor-widget-wrap\">\n\t\t\t\t\t\t\t<\/div>\n\t\t<\/div>\n\t\t\t\t\t<\/div>\n\t\t<\/section>\n\t\t\t\t<\/div>","protected":false},"excerpt":{"rendered":"<p>[More than 5 Years of Experience] Your Laundry. Done. We are professionals in the laundry and dry cleaning business, which means we always stay up to date on the latest technologies, cleaning methods, and solutions for dealing with stains or delicate fabrics. Plus, we maintain the highest standards of business integrity by following local and [&hellip;]<\/p>","protected":false},"author":1,"featured_media":645,"parent":0,"menu_order":0,"comment_status":"closed","ping_status":"closed","template":"","meta":{"footnotes":""},"class_list":["post-314","page","type-page","status-publish","has-post-thumbnail","hentry"],"yoast_head":"<!-- This site is optimized with the Yoast SEO Premium plugin v20.3 (Yoast SEO v22.4) - https:\/\/yoast.com\/wordpress\/plugins\/seo\/ -->\n<title>About Us - Wash &amp; Clean<\/title>\n<meta name=\"robots\" content=\"index, follow, max-snippet:-1, max-image-preview:large, max-video-preview:-1\" \/>\n<link rel=\"canonical\" href=\"https:\/\/washclean.vn\/vi\/about-us\/\" \/>\n<meta property=\"og:locale\" content=\"vi_VN\" \/>\n<meta property=\"og:type\" content=\"article\" \/>\n<meta property=\"og:title\" content=\"About Us\" \/>\n<meta property=\"og:description\" content=\"[More than 5 Years of Experience] Your Laundry. Done. We are professionals in the laundry and dry cleaning business, which means we always stay up to date on the latest technologies, cleaning methods, and solutions for dealing with stains or delicate fabrics. Plus, we maintain the highest standards of business integrity by following local and [&hellip;]\" \/>\n<meta property=\"og:url\" content=\"https:\/\/washclean.vn\/vi\/about-us\/\" \/>\n<meta property=\"og:site_name\" content=\"Wash &amp; Clean\" \/>\n<meta property=\"article:publisher\" content=\"https:\/\/www.facebook.com\/washcleanvn\" \/>\n<meta property=\"article:modified_time\" content=\"2021-04-10T07:47:37+00:00\" \/>\n<meta property=\"og:image\" content=\"https:\/\/washclean.vn\/wp-content\/uploads\/2020\/11\/subtitle-wrapper01.jpg\" \/>\n\t<meta property=\"og:image:width\" content=\"1920\" \/>\n\t<meta property=\"og:image:height\" content=\"288\" \/>\n\t<meta property=\"og:image:type\" content=\"image\/jpeg\" \/>\n<meta name=\"twitter:card\" content=\"summary_large_image\" \/>\n<meta name=\"twitter:label1\" content=\"\u01af\u1edbc t\u00ednh th\u1eddi gian \u0111\u1ecdc\" \/>\n\t<meta name=\"twitter:data1\" content=\"3 ph\u00fat\" \/>\n<script type=\"application\/ld+json\" class=\"yoast-schema-graph\">{\"@context\":\"https:\/\/schema.org\",\"@graph\":[{\"@type\":\"WebPage\",\"@id\":\"https:\/\/washclean.vn\/about-us\/\",\"url\":\"https:\/\/washclean.vn\/about-us\/\",\"name\":\"About Us - Wash &amp; Clean\",\"isPartOf\":{\"@id\":\"https:\/\/washclean.vn\/#website\"},\"primaryImageOfPage\":{\"@id\":\"https:\/\/washclean.vn\/about-us\/#primaryimage\"},\"image\":{\"@id\":\"https:\/\/washclean.vn\/about-us\/#primaryimage\"},\"thumbnailUrl\":\"https:\/\/washclean.vn\/wp-content\/uploads\/2020\/11\/subtitle-wrapper01.jpg\",\"datePublished\":\"2020-11-15T08:57:07+00:00\",\"dateModified\":\"2021-04-10T07:47:37+00:00\",\"breadcrumb\":{\"@id\":\"https:\/\/washclean.vn\/about-us\/#breadcrumb\"},\"inLanguage\":\"vi\",\"potentialAction\":[{\"@type\":\"ReadAction\",\"target\":[\"https:\/\/washclean.vn\/about-us\/\"]}]},{\"@type\":\"ImageObject\",\"inLanguage\":\"vi\",\"@id\":\"https:\/\/washclean.vn\/about-us\/#primaryimage\",\"url\":\"https:\/\/washclean.vn\/wp-content\/uploads\/2020\/11\/subtitle-wrapper01.jpg\",\"contentUrl\":\"https:\/\/washclean.vn\/wp-content\/uploads\/2020\/11\/subtitle-wrapper01.jpg\",\"width\":1920,\"height\":288},{\"@type\":\"BreadcrumbList\",\"@id\":\"https:\/\/washclean.vn\/about-us\/#breadcrumb\",\"itemListElement\":[{\"@type\":\"ListItem\",\"position\":1,\"name\":\"Home\",\"item\":\"https:\/\/washclean.vn\/\"},{\"@type\":\"ListItem\",\"position\":2,\"name\":\"About Us\"}]},{\"@type\":\"WebSite\",\"@id\":\"https:\/\/washclean.vn\/#website\",\"url\":\"https:\/\/washclean.vn\/\",\"name\":\"Wash & Clean - Laundry Service\",\"description\":\"Gi\u1eb7t \u1ee7i, Laundry\",\"publisher\":{\"@id\":\"https:\/\/washclean.vn\/#organization\"},\"alternateName\":\"Gi\u1eb7t \u1ee7i Nha Trang, Laundry Serivce in Nha Trang\",\"potentialAction\":[{\"@type\":\"SearchAction\",\"target\":{\"@type\":\"EntryPoint\",\"urlTemplate\":\"https:\/\/washclean.vn\/?s={search_term_string}\"},\"query-input\":\"required name=search_term_string\"}],\"inLanguage\":\"vi\"},{\"@type\":\"Organization\",\"@id\":\"https:\/\/washclean.vn\/#organization\",\"name\":\"Wash & Clean - Laundry Service\",\"alternateName\":\"Wash & Clean\",\"url\":\"https:\/\/washclean.vn\/\",\"logo\":{\"@type\":\"ImageObject\",\"inLanguage\":\"vi\",\"@id\":\"https:\/\/washclean.vn\/#\/schema\/logo\/image\/\",\"url\":\"https:\/\/washclean.vn\/wp-content\/uploads\/2023\/04\/wash-clean-logo-200.png\",\"contentUrl\":\"https:\/\/washclean.vn\/wp-content\/uploads\/2023\/04\/wash-clean-logo-200.png\",\"width\":200,\"height\":183,\"caption\":\"Wash & Clean - Laundry Service\"},\"image\":{\"@id\":\"https:\/\/washclean.vn\/#\/schema\/logo\/image\/\"},\"sameAs\":[\"https:\/\/www.facebook.com\/washcleanvn\"]}]}<\/script>\n<!-- \/ Yoast SEO Premium plugin. -->","yoast_head_json":{"title":"About Us - Wash &amp; Clean","robots":{"index":"index","follow":"follow","max-snippet":"max-snippet:-1","max-image-preview":"max-image-preview:large","max-video-preview":"max-video-preview:-1"},"canonical":"https:\/\/washclean.vn\/vi\/about-us\/","og_locale":"vi_VN","og_type":"article","og_title":"About Us","og_description":"[More than 5 Years of Experience] Your Laundry. Done. We are professionals in the laundry and dry cleaning business, which means we always stay up to date on the latest technologies, cleaning methods, and solutions for dealing with stains or delicate fabrics. Plus, we maintain the highest standards of business integrity by following local and [&hellip;]","og_url":"https:\/\/washclean.vn\/vi\/about-us\/","og_site_name":"Wash &amp; Clean","article_publisher":"https:\/\/www.facebook.com\/washcleanvn","article_modified_time":"2021-04-10T07:47:37+00:00","og_image":[{"width":1920,"height":288,"url":"https:\/\/washclean.vn\/wp-content\/uploads\/2020\/11\/subtitle-wrapper01.jpg","type":"image\/jpeg"}],"twitter_card":"summary_large_image","twitter_misc":{"\u01af\u1edbc t\u00ednh th\u1eddi gian \u0111\u1ecdc":"3 ph\u00fat"},"schema":{"@context":"https:\/\/schema.org","@graph":[{"@type":"WebPage","@id":"https:\/\/washclean.vn\/about-us\/","url":"https:\/\/washclean.vn\/about-us\/","name":"About Us - Wash &amp; Clean","isPartOf":{"@id":"https:\/\/washclean.vn\/#website"},"primaryImageOfPage":{"@id":"https:\/\/washclean.vn\/about-us\/#primaryimage"},"image":{"@id":"https:\/\/washclean.vn\/about-us\/#primaryimage"},"thumbnailUrl":"https:\/\/washclean.vn\/wp-content\/uploads\/2020\/11\/subtitle-wrapper01.jpg","datePublished":"2020-11-15T08:57:07+00:00","dateModified":"2021-04-10T07:47:37+00:00","breadcrumb":{"@id":"https:\/\/washclean.vn\/about-us\/#breadcrumb"},"inLanguage":"vi","potentialAction":[{"@type":"ReadAction","target":["https:\/\/washclean.vn\/about-us\/"]}]},{"@type":"ImageObject","inLanguage":"vi","@id":"https:\/\/washclean.vn\/about-us\/#primaryimage","url":"https:\/\/washclean.vn\/wp-content\/uploads\/2020\/11\/subtitle-wrapper01.jpg","contentUrl":"https:\/\/washclean.vn\/wp-content\/uploads\/2020\/11\/subtitle-wrapper01.jpg","width":1920,"height":288},{"@type":"BreadcrumbList","@id":"https:\/\/washclean.vn\/about-us\/#breadcrumb","itemListElement":[{"@type":"ListItem","position":1,"name":"Home","item":"https:\/\/washclean.vn\/"},{"@type":"ListItem","position":2,"name":"About Us"}]},{"@type":"WebSite","@id":"https:\/\/washclean.vn\/#website","url":"https:\/\/washclean.vn\/","name":"Wash & Clean - Laundry Service","description":"Gi\u1eb7t \u1ee7i, Laundry","publisher":{"@id":"https:\/\/washclean.vn\/#organization"},"alternateName":"Gi\u1eb7t \u1ee7i Nha Trang, Laundry Serivce in Nha Trang","potentialAction":[{"@type":"SearchAction","target":{"@type":"EntryPoint","urlTemplate":"https:\/\/washclean.vn\/?s={search_term_string}"},"query-input":"required name=search_term_string"}],"inLanguage":"vi"},{"@type":"Organization","@id":"https:\/\/washclean.vn\/#organization","name":"Wash & Clean - Laundry Service","alternateName":"Wash & Clean","url":"https:\/\/washclean.vn\/","logo":{"@type":"ImageObject","inLanguage":"vi","@id":"https:\/\/washclean.vn\/#\/schema\/logo\/image\/","url":"https:\/\/washclean.vn\/wp-content\/uploads\/2023\/04\/wash-clean-logo-200.png","contentUrl":"https:\/\/washclean.vn\/wp-content\/uploads\/2023\/04\/wash-clean-logo-200.png","width":200,"height":183,"caption":"Wash & Clean - Laundry Service"},"image":{"@id":"https:\/\/washclean.vn\/#\/schema\/logo\/image\/"},"sameAs":["https:\/\/www.facebook.com\/washcleanvn"]}]}},"jetpack_sharing_enabled":true,"_links":{"self":[{"href":"https:\/\/washclean.vn\/vi\/wp-json\/wp\/v2\/pages\/314","targetHints":{"allow":["GET"]}}],"collection":[{"href":"https:\/\/washclean.vn\/vi\/wp-json\/wp\/v2\/pages"}],"about":[{"href":"https:\/\/washclean.vn\/vi\/wp-json\/wp\/v2\/types\/page"}],"author":[{"embeddable":true,"href":"https:\/\/washclean.vn\/vi\/wp-json\/wp\/v2\/users\/1"}],"replies":[{"embeddable":true,"href":"https:\/\/washclean.vn\/vi\/wp-json\/wp\/v2\/comments?post=314"}],"version-history":[{"count":19,"href":"https:\/\/washclean.vn\/vi\/wp-json\/wp\/v2\/pages\/314\/revisions"}],"predecessor-version":[{"id":2127,"href":"https:\/\/washclean.vn\/vi\/wp-json\/wp\/v2\/pages\/314\/revisions\/2127"}],"wp:featuredmedia":[{"embeddable":true,"href":"https:\/\/washclean.vn\/vi\/wp-json\/wp\/v2\/media\/645"}],"wp:attachment":[{"href":"https:\/\/washclean.vn\/vi\/wp-json\/wp\/v2\/media?parent=314"}],"curies":[{"name":"wp","href":"https:\/\/api.w.org\/{rel}","templated":true}]}}