{"id":2072,"date":"2023-04-13T11:22:10","date_gmt":"2023-04-13T11:22:10","guid":{"rendered":"https:\/\/washclean.vn\/?post_type=product&#038;p=2072"},"modified":"2023-04-13T12:44:49","modified_gmt":"2023-04-13T12:44:49","slug":"hap-ao-vest-tai-nha-trang","status":"publish","type":"product","link":"https:\/\/washclean.vn\/vi\/product\/hap-ao-vest-tai-nha-trang\/","title":{"rendered":"Gi\u1eb7t h\u1ea5p \u00e1o vest t\u1ea1i Nha Trang"},"content":{"rendered":"<p>Wash &amp; Clean nh\u1eadn gi\u1eb7t h\u1ea5p \u00e1o vest t\u1ea1i Nha Trang, ch\u00fang t\u00f4i c\u00f3 \u0111\u1ed9i ng\u0169 nh\u00e2n vi\u00ean l\u00e0nh ngh\u1ec1 s\u1ebd ch\u0103m s\u00f3c b\u1ed9 vest cho B\u1ea1n ho\u00e0n h\u1ea3o nh\u1ea5t.<\/p>\n<p>Quy tr\u00ecnh gi\u1eb7t \u00e1o vest c\u1ee7a Wash &amp; Clean:<\/p>\n<ul>\n<li>B\u01b0\u1edbc 1: \u0110\u00e1nh gi\u00e1 t\u00ecnh tr\u1ea1ng \u00e1o vest, t\u01b0 v\u1ea5n cho kh\u00e1ch h\u00e0ng<\/li>\n<li>B\u01b0\u1edbc 2: Ti\u1ebfn h\u00e0nh t\u1ea9y \u0111i\u1ec3m c\u00e1c v\u1ecb tr\u00ed c\u1ea7n thi\u1ebft<\/li>\n<li>B\u01b0\u1edbc 3: L\u0103n b\u1ee5i, t\u00f3c t\u1ed5ng quan<\/li>\n<li>B\u01b0\u1edbc 4: B\u1ecf v\u00e0o m\u00e1y h\u1ea5p \u0111\u1ec3 gi\u1eb7t h\u1ea5p<\/li>\n<li>B\u01b0\u1edbc 5: Ki\u1ec3m tra l\u1ea1i \u00e1o vest v\u00e0 l\u0103n b\u1ee5i<\/li>\n<li>B\u01b0\u1edbc 6: \u1ee6i \u00e1o, treo v\u00e0 \u0111\u00f3ng g\u00f3i b\u00e0n giao cho kh\u00e1ch h\u00e0ng<\/li>\n<\/ul>\n<p>=====================================================<\/p>\n<p><strong>TH\u00d4NG TIN TH\u00caM V\u1ec0 WASH &amp; CLEAN:<\/strong><\/p>\n<p>V\u1edbi kinh nghi\u1ec7m h\u01a1n 7 n\u0103m kinh doanh d\u1ecbch v\u1ee5 gi\u1eb7t \u1ee7i t\u1ea1i Nha Trang t\u1eeb n\u0103m 2016, Wash &amp; Clean \u0111\u01b0\u1ee3c nhi\u1ec1u kh\u00e1ch h\u00e0ng tin d\u00f9ng b\u1edfi \u0111\u1ed9i ng\u0169 nh\u00e2n vi\u00ean ch\u0103m s\u00f3c t\u1eadn t\u00e2m v\u00e0 quy tr\u00ecnh ph\u1ee5c v\u1ee5 ho\u00e0n h\u1ea3o.<\/p>\n<p>Gi\u00e1 tr\u1ecb c\u1ed1t l\u00f5i c\u1ee7a Wash &amp; Clean: &#8220;<strong>A BIG H.E.A.R.T&#8221;<\/strong><\/p>\n<div dir=\"auto\"><span class=\"x3nfvp2 x1j61x8r x1fcty0u xdj266r xhhsvwb xat24cr xgzva0m xxymvpz xlup9mm x1kky2od\"><img decoding=\"async\" src=\"https:\/\/static.xx.fbcdn.net\/images\/emoji.php\/v9\/t94\/1\/16\/1f947.png\" alt=\"\ud83e\udd47\" width=\"16\" height=\"16\" \/><\/span>H: Hospitality &#8211; Hi\u1ebfu Kh\u00e1ch<\/div>\n<div dir=\"auto\"><span class=\"x3nfvp2 x1j61x8r x1fcty0u xdj266r xhhsvwb xat24cr xgzva0m xxymvpz xlup9mm x1kky2od\"><img decoding=\"async\" src=\"https:\/\/static.xx.fbcdn.net\/images\/emoji.php\/v9\/t94\/1\/16\/1f947.png\" alt=\"\ud83e\udd47\" width=\"16\" height=\"16\" \/><\/span>E: Expertise &#8211; Chuy\u00ean nghi\u1ec7p<\/div>\n<div dir=\"auto\"><span class=\"x3nfvp2 x1j61x8r x1fcty0u xdj266r xhhsvwb xat24cr xgzva0m xxymvpz xlup9mm x1kky2od\"><img decoding=\"async\" src=\"https:\/\/static.xx.fbcdn.net\/images\/emoji.php\/v9\/t94\/1\/16\/1f947.png\" alt=\"\ud83e\udd47\" width=\"16\" height=\"16\" \/><\/span>A: Affability &#8211; Thi\u1ec7n c\u1ea3m<\/div>\n<div dir=\"auto\"><span class=\"x3nfvp2 x1j61x8r x1fcty0u xdj266r xhhsvwb xat24cr xgzva0m xxymvpz xlup9mm x1kky2od\"><img decoding=\"async\" src=\"https:\/\/static.xx.fbcdn.net\/images\/emoji.php\/v9\/t94\/1\/16\/1f947.png\" alt=\"\ud83e\udd47\" width=\"16\" height=\"16\" \/><\/span>R: Responsibility &#8211; Tr\u00e1ch nhi\u1ec7m<\/div>\n<div dir=\"auto\"><span class=\"x3nfvp2 x1j61x8r x1fcty0u xdj266r xhhsvwb xat24cr xgzva0m xxymvpz xlup9mm x1kky2od\"><img decoding=\"async\" src=\"https:\/\/static.xx.fbcdn.net\/images\/emoji.php\/v9\/t94\/1\/16\/1f947.png\" alt=\"\ud83e\udd47\" width=\"16\" height=\"16\" \/><\/span>T: Trust &#8211; Tin c\u1eady<\/div>\n<div dir=\"auto\">\n<figure id=\"attachment_2078\" aria-describedby=\"caption-attachment-2078\" style=\"width: 800px\" class=\"wp-caption aligncenter\"><img fetchpriority=\"high\" decoding=\"async\" class=\"wp-image-2078\" src=\"https:\/\/washclean.vn\/wp-content\/uploads\/2023\/04\/bang-gia-hap-vest-wash-clean.jpg\" alt=\"\" width=\"800\" height=\"1131\" \/><figcaption id=\"caption-attachment-2078\" class=\"wp-caption-text\">Gi\u1eb7t h\u1ea5p cao c\u1ea5p Jat &amp; Say<\/figcaption><\/figure>\n<\/div>\n<p>&nbsp;<\/p>","protected":false},"excerpt":{"rendered":"<p>Wash &amp; Clean cung c\u1ea5p d\u1ecbch v\u1ee5 h\u1ea5p \u00e1o vest uy t\u00edn t\u1ea1i Nha Trang. Ch\u1ec9 c\u1ea7n \u0111\u1eb7t online ch\u00fang t\u00f4i s\u1ebd t\u1edbi v\u00e0 nh\u1eadn \u0111\u1ed3 t\u1eeb 5-15 ph\u00fat. H\u1ea5p tr\u1ea3 \u0111\u1ed3 nhanh nh\u1ea5t 4 ti\u1ebfng.<\/p>\n<p><strong>FREE SHIP TRONG B\u00c1N K\u00cdNH 2KM KHUNG GI\u1edc:<\/strong><\/p>\n<ul>\n<li>S\u00c1NG: 7:30 \u0111\u1ebfn 8:30<\/li>\n<li>CHI\u1ec0U: 17:00 \u0111\u1ebfn 18:00<\/li>\n<\/ul>","protected":false},"featured_media":2073,"comment_status":"open","ping_status":"closed","template":"","meta":[],"product_cat":[54,55,56],"product_tag":[57,58],"class_list":{"0":"post-2072","1":"product","2":"type-product","3":"status-publish","4":"has-post-thumbnail","6":"product_cat-dat-dich-vu-wash-clean","7":"product_cat-giat-ui","8":"product_cat-hap-do-cao-cap","9":"product_tag-dich-vu-giat-ui","10":"product_tag-dich-vu-hap-do-cao-cap","12":"first","13":"instock","14":"sale","15":"shipping-taxable","16":"purchasable","17":"product-type-simple"},"yoast_head":"<!-- This site is optimized with the Yoast SEO Premium plugin v20.3 (Yoast SEO v22.4) - https:\/\/yoast.com\/wordpress\/plugins\/seo\/ -->\n<title>Gi\u1eb7t h\u1ea5p \u00e1o vest t\u1ea1i Nha Trang - Wash &amp; Clean<\/title>\n<meta name=\"description\" content=\"Wash &amp; Clean cung c\u1ea5p d\u1ecbch v\u1ee5 h\u1ea5p \u00e1o vest uy t\u00edn t\u1ea1i Nha Trang. Ch\u1ec9 c\u1ea7n \u0111\u1eb7t online ch\u00fang t\u00f4i s\u1ebd t\u1edbi v\u00e0 nh\u1eadn \u0111\u1ed3 t\u1eeb 5-15 ph\u00fat. H\u1ea5p tr\u1ea3 \u0111\u1ed3 nhanh nh\u1ea5t 4 ti\u1ebfng\" \/>\n<meta name=\"robots\" content=\"index, follow, max-snippet:-1, max-image-preview:large, max-video-preview:-1\" \/>\n<link rel=\"canonical\" href=\"https:\/\/washclean.vn\/vi\/san-pham\/hap-ao-vest-tai-nha-trang\/\" \/>\n<meta property=\"og:locale\" content=\"vi_VN\" \/>\n<meta property=\"og:type\" content=\"article\" \/>\n<meta property=\"og:title\" content=\"Gi\u1eb7t h\u1ea5p \u00e1o vest t\u1ea1i Nha Trang\" \/>\n<meta property=\"og:description\" content=\"Wash &amp; Clean cung c\u1ea5p d\u1ecbch v\u1ee5 h\u1ea5p \u00e1o vest uy t\u00edn t\u1ea1i Nha Trang. Ch\u1ec9 c\u1ea7n \u0111\u1eb7t online ch\u00fang t\u00f4i s\u1ebd t\u1edbi v\u00e0 nh\u1eadn \u0111\u1ed3 t\u1eeb 5-15 ph\u00fat. H\u1ea5p tr\u1ea3 \u0111\u1ed3 nhanh nh\u1ea5t 4 ti\u1ebfng\" \/>\n<meta property=\"og:url\" content=\"https:\/\/washclean.vn\/vi\/san-pham\/hap-ao-vest-tai-nha-trang\/\" \/>\n<meta property=\"og:site_name\" content=\"Wash &amp; Clean\" \/>\n<meta property=\"article:publisher\" content=\"https:\/\/www.facebook.com\/washcleanvn\" \/>\n<meta property=\"article:modified_time\" content=\"2023-04-13T12:44:49+00:00\" \/>\n<meta property=\"og:image\" content=\"https:\/\/washclean.vn\/wp-content\/uploads\/2023\/04\/HAP-AO-VEST-TAI-NHA-TRANG.jpg\" \/>\n\t<meta property=\"og:image:width\" content=\"800\" \/>\n\t<meta property=\"og:image:height\" content=\"780\" \/>\n\t<meta property=\"og:image:type\" content=\"image\/jpeg\" \/>\n<meta name=\"twitter:card\" content=\"summary_large_image\" \/>\n<meta name=\"twitter:label1\" content=\"\u01af\u1edbc t\u00ednh th\u1eddi gian \u0111\u1ecdc\" \/>\n\t<meta name=\"twitter:data1\" content=\"3 ph\u00fat\" \/>\n<script type=\"application\/ld+json\" class=\"yoast-schema-graph\">{\"@context\":\"https:\/\/schema.org\",\"@graph\":[{\"@type\":\"WebPage\",\"@id\":\"https:\/\/washclean.vn\/product\/hap-ao-vest-tai-nha-trang\/\",\"url\":\"https:\/\/washclean.vn\/product\/hap-ao-vest-tai-nha-trang\/\",\"name\":\"Gi\u1eb7t h\u1ea5p \u00e1o vest t\u1ea1i Nha Trang - Wash &amp; Clean\",\"isPartOf\":{\"@id\":\"https:\/\/washclean.vn\/#website\"},\"primaryImageOfPage\":{\"@id\":\"https:\/\/washclean.vn\/product\/hap-ao-vest-tai-nha-trang\/#primaryimage\"},\"image\":{\"@id\":\"https:\/\/washclean.vn\/product\/hap-ao-vest-tai-nha-trang\/#primaryimage\"},\"thumbnailUrl\":\"https:\/\/washclean.vn\/wp-content\/uploads\/2023\/04\/HAP-AO-VEST-TAI-NHA-TRANG.jpg\",\"datePublished\":\"2023-04-13T11:22:10+00:00\",\"dateModified\":\"2023-04-13T12:44:49+00:00\",\"description\":\"Wash & Clean cung c\u1ea5p d\u1ecbch v\u1ee5 h\u1ea5p \u00e1o vest uy t\u00edn t\u1ea1i Nha Trang. Ch\u1ec9 c\u1ea7n \u0111\u1eb7t online ch\u00fang t\u00f4i s\u1ebd t\u1edbi v\u00e0 nh\u1eadn \u0111\u1ed3 t\u1eeb 5-15 ph\u00fat. H\u1ea5p tr\u1ea3 \u0111\u1ed3 nhanh nh\u1ea5t 4 ti\u1ebfng\",\"breadcrumb\":{\"@id\":\"https:\/\/washclean.vn\/product\/hap-ao-vest-tai-nha-trang\/#breadcrumb\"},\"inLanguage\":\"vi\",\"potentialAction\":[{\"@type\":\"ReadAction\",\"target\":[\"https:\/\/washclean.vn\/product\/hap-ao-vest-tai-nha-trang\/\"]}]},{\"@type\":\"ImageObject\",\"inLanguage\":\"vi\",\"@id\":\"https:\/\/washclean.vn\/product\/hap-ao-vest-tai-nha-trang\/#primaryimage\",\"url\":\"https:\/\/washclean.vn\/wp-content\/uploads\/2023\/04\/HAP-AO-VEST-TAI-NHA-TRANG.jpg\",\"contentUrl\":\"https:\/\/washclean.vn\/wp-content\/uploads\/2023\/04\/HAP-AO-VEST-TAI-NHA-TRANG.jpg\",\"width\":800,\"height\":780},{\"@type\":\"BreadcrumbList\",\"@id\":\"https:\/\/washclean.vn\/product\/hap-ao-vest-tai-nha-trang\/#breadcrumb\",\"itemListElement\":[{\"@type\":\"ListItem\",\"position\":1,\"name\":\"Home\",\"item\":\"https:\/\/washclean.vn\/\"},{\"@type\":\"ListItem\",\"position\":2,\"name\":\"Shop\",\"item\":\"https:\/\/washclean.vn\/shop\/\"},{\"@type\":\"ListItem\",\"position\":3,\"name\":\"Gi\u1eb7t h\u1ea5p \u00e1o vest t\u1ea1i Nha Trang\"}]},{\"@type\":\"WebSite\",\"@id\":\"https:\/\/washclean.vn\/#website\",\"url\":\"https:\/\/washclean.vn\/\",\"name\":\"Wash & Clean - Laundry Service\",\"description\":\"Gi\u1eb7t \u1ee7i, Laundry\",\"publisher\":{\"@id\":\"https:\/\/washclean.vn\/#organization\"},\"alternateName\":\"Gi\u1eb7t \u1ee7i Nha Trang, Laundry Serivce in Nha Trang\",\"potentialAction\":[{\"@type\":\"SearchAction\",\"target\":{\"@type\":\"EntryPoint\",\"urlTemplate\":\"https:\/\/washclean.vn\/?s={search_term_string}\"},\"query-input\":\"required name=search_term_string\"}],\"inLanguage\":\"vi\"},{\"@type\":\"Organization\",\"@id\":\"https:\/\/washclean.vn\/#organization\",\"name\":\"Wash & Clean - Laundry Service\",\"alternateName\":\"Wash & Clean\",\"url\":\"https:\/\/washclean.vn\/\",\"logo\":{\"@type\":\"ImageObject\",\"inLanguage\":\"vi\",\"@id\":\"https:\/\/washclean.vn\/#\/schema\/logo\/image\/\",\"url\":\"https:\/\/washclean.vn\/wp-content\/uploads\/2023\/04\/wash-clean-logo-200.png\",\"contentUrl\":\"https:\/\/washclean.vn\/wp-content\/uploads\/2023\/04\/wash-clean-logo-200.png\",\"width\":200,\"height\":183,\"caption\":\"Wash & Clean - Laundry Service\"},\"image\":{\"@id\":\"https:\/\/washclean.vn\/#\/schema\/logo\/image\/\"},\"sameAs\":[\"https:\/\/www.facebook.com\/washcleanvn\"]}]}<\/script>\n<!-- \/ Yoast SEO Premium plugin. -->","yoast_head_json":{"title":"Gi\u1eb7t h\u1ea5p \u00e1o vest t\u1ea1i Nha Trang - Wash &amp; Clean","description":"Wash & Clean cung c\u1ea5p d\u1ecbch v\u1ee5 h\u1ea5p \u00e1o vest uy t\u00edn t\u1ea1i Nha Trang. Ch\u1ec9 c\u1ea7n \u0111\u1eb7t online ch\u00fang t\u00f4i s\u1ebd t\u1edbi v\u00e0 nh\u1eadn \u0111\u1ed3 t\u1eeb 5-15 ph\u00fat. H\u1ea5p tr\u1ea3 \u0111\u1ed3 nhanh nh\u1ea5t 4 ti\u1ebfng","robots":{"index":"index","follow":"follow","max-snippet":"max-snippet:-1","max-image-preview":"max-image-preview:large","max-video-preview":"max-video-preview:-1"},"canonical":"https:\/\/washclean.vn\/vi\/san-pham\/hap-ao-vest-tai-nha-trang\/","og_locale":"vi_VN","og_type":"article","og_title":"Gi\u1eb7t h\u1ea5p \u00e1o vest t\u1ea1i Nha Trang","og_description":"Wash & Clean cung c\u1ea5p d\u1ecbch v\u1ee5 h\u1ea5p \u00e1o vest uy t\u00edn t\u1ea1i Nha Trang. Ch\u1ec9 c\u1ea7n \u0111\u1eb7t online ch\u00fang t\u00f4i s\u1ebd t\u1edbi v\u00e0 nh\u1eadn \u0111\u1ed3 t\u1eeb 5-15 ph\u00fat. H\u1ea5p tr\u1ea3 \u0111\u1ed3 nhanh nh\u1ea5t 4 ti\u1ebfng","og_url":"https:\/\/washclean.vn\/vi\/san-pham\/hap-ao-vest-tai-nha-trang\/","og_site_name":"Wash &amp; Clean","article_publisher":"https:\/\/www.facebook.com\/washcleanvn","article_modified_time":"2023-04-13T12:44:49+00:00","og_image":[{"width":800,"height":780,"url":"https:\/\/washclean.vn\/wp-content\/uploads\/2023\/04\/HAP-AO-VEST-TAI-NHA-TRANG.jpg","type":"image\/jpeg"}],"twitter_card":"summary_large_image","twitter_misc":{"\u01af\u1edbc t\u00ednh th\u1eddi gian \u0111\u1ecdc":"3 ph\u00fat"},"schema":{"@context":"https:\/\/schema.org","@graph":[{"@type":"WebPage","@id":"https:\/\/washclean.vn\/product\/hap-ao-vest-tai-nha-trang\/","url":"https:\/\/washclean.vn\/product\/hap-ao-vest-tai-nha-trang\/","name":"Gi\u1eb7t h\u1ea5p \u00e1o vest t\u1ea1i Nha Trang - Wash &amp; Clean","isPartOf":{"@id":"https:\/\/washclean.vn\/#website"},"primaryImageOfPage":{"@id":"https:\/\/washclean.vn\/product\/hap-ao-vest-tai-nha-trang\/#primaryimage"},"image":{"@id":"https:\/\/washclean.vn\/product\/hap-ao-vest-tai-nha-trang\/#primaryimage"},"thumbnailUrl":"https:\/\/washclean.vn\/wp-content\/uploads\/2023\/04\/HAP-AO-VEST-TAI-NHA-TRANG.jpg","datePublished":"2023-04-13T11:22:10+00:00","dateModified":"2023-04-13T12:44:49+00:00","description":"Wash & Clean cung c\u1ea5p d\u1ecbch v\u1ee5 h\u1ea5p \u00e1o vest uy t\u00edn t\u1ea1i Nha Trang. Ch\u1ec9 c\u1ea7n \u0111\u1eb7t online ch\u00fang t\u00f4i s\u1ebd t\u1edbi v\u00e0 nh\u1eadn \u0111\u1ed3 t\u1eeb 5-15 ph\u00fat. H\u1ea5p tr\u1ea3 \u0111\u1ed3 nhanh nh\u1ea5t 4 ti\u1ebfng","breadcrumb":{"@id":"https:\/\/washclean.vn\/product\/hap-ao-vest-tai-nha-trang\/#breadcrumb"},"inLanguage":"vi","potentialAction":[{"@type":"ReadAction","target":["https:\/\/washclean.vn\/product\/hap-ao-vest-tai-nha-trang\/"]}]},{"@type":"ImageObject","inLanguage":"vi","@id":"https:\/\/washclean.vn\/product\/hap-ao-vest-tai-nha-trang\/#primaryimage","url":"https:\/\/washclean.vn\/wp-content\/uploads\/2023\/04\/HAP-AO-VEST-TAI-NHA-TRANG.jpg","contentUrl":"https:\/\/washclean.vn\/wp-content\/uploads\/2023\/04\/HAP-AO-VEST-TAI-NHA-TRANG.jpg","width":800,"height":780},{"@type":"BreadcrumbList","@id":"https:\/\/washclean.vn\/product\/hap-ao-vest-tai-nha-trang\/#breadcrumb","itemListElement":[{"@type":"ListItem","position":1,"name":"Home","item":"https:\/\/washclean.vn\/"},{"@type":"ListItem","position":2,"name":"Shop","item":"https:\/\/washclean.vn\/shop\/"},{"@type":"ListItem","position":3,"name":"Gi\u1eb7t h\u1ea5p \u00e1o vest t\u1ea1i Nha Trang"}]},{"@type":"WebSite","@id":"https:\/\/washclean.vn\/#website","url":"https:\/\/washclean.vn\/","name":"Wash & Clean - Laundry Service","description":"Gi\u1eb7t \u1ee7i, Laundry","publisher":{"@id":"https:\/\/washclean.vn\/#organization"},"alternateName":"Gi\u1eb7t \u1ee7i Nha Trang, Laundry Serivce in Nha Trang","potentialAction":[{"@type":"SearchAction","target":{"@type":"EntryPoint","urlTemplate":"https:\/\/washclean.vn\/?s={search_term_string}"},"query-input":"required name=search_term_string"}],"inLanguage":"vi"},{"@type":"Organization","@id":"https:\/\/washclean.vn\/#organization","name":"Wash & Clean - Laundry Service","alternateName":"Wash & Clean","url":"https:\/\/washclean.vn\/","logo":{"@type":"ImageObject","inLanguage":"vi","@id":"https:\/\/washclean.vn\/#\/schema\/logo\/image\/","url":"https:\/\/washclean.vn\/wp-content\/uploads\/2023\/04\/wash-clean-logo-200.png","contentUrl":"https:\/\/washclean.vn\/wp-content\/uploads\/2023\/04\/wash-clean-logo-200.png","width":200,"height":183,"caption":"Wash & Clean - Laundry Service"},"image":{"@id":"https:\/\/washclean.vn\/#\/schema\/logo\/image\/"},"sameAs":["https:\/\/www.facebook.com\/washcleanvn"]}]}},"jetpack_sharing_enabled":true,"_links":{"self":[{"href":"https:\/\/washclean.vn\/vi\/wp-json\/wp\/v2\/product\/2072","targetHints":{"allow":["GET"]}}],"collection":[{"href":"https:\/\/washclean.vn\/vi\/wp-json\/wp\/v2\/product"}],"about":[{"href":"https:\/\/washclean.vn\/vi\/wp-json\/wp\/v2\/types\/product"}],"replies":[{"embeddable":true,"href":"https:\/\/washclean.vn\/vi\/wp-json\/wp\/v2\/comments?post=2072"}],"wp:featuredmedia":[{"embeddable":true,"href":"https:\/\/washclean.vn\/vi\/wp-json\/wp\/v2\/media\/2073"}],"wp:attachment":[{"href":"https:\/\/washclean.vn\/vi\/wp-json\/wp\/v2\/media?parent=2072"}],"wp:term":[{"taxonomy":"product_cat","embeddable":true,"href":"https:\/\/washclean.vn\/vi\/wp-json\/wp\/v2\/product_cat?post=2072"},{"taxonomy":"product_tag","embeddable":true,"href":"https:\/\/washclean.vn\/vi\/wp-json\/wp\/v2\/product_tag?post=2072"}],"curies":[{"name":"wp","href":"https:\/\/api.w.org\/{rel}","templated":true}]}}